{"id":4099,"date":"2021-04-13T12:34:42","date_gmt":"2021-04-13T10:34:42","guid":{"rendered":"https:\/\/sccl.se\/sccls-bibliotek-och-skriftserie\/"},"modified":"2025-10-14T17:28:02","modified_gmt":"2025-10-14T15:28:02","slug":"library-and-publication-series","status":"publish","type":"page","link":"https:\/\/sccl.se\/en\/library-and-publication-series\/","title":{"rendered":"Library and Publication Series"},"content":{"rendered":"<p><div class=\"fusion-fullwidth fullwidth-box fusion-builder-row-1 fusion-flex-container has-pattern-background has-mask-background fusion-parallax-none nonhundred-percent-fullwidth non-hundred-percent-height-scrolling\" style=\"--awb-border-radius-top-left:0px;--awb-border-radius-top-right:0px;--awb-border-radius-bottom-right:0px;--awb-border-radius-bottom-left:0px;--awb-padding-top:3%;--awb-padding-right:6%;--awb-padding-bottom:3%;--awb-padding-left:6%;--awb-padding-top-medium:60px;--awb-background-image:url(&quot;https:\/\/sccl.se\/wp-content\/uploads\/2021\/04\/oxford-bibl.jpg&quot;);--awb-background-size:cover;--awb-flex-wrap:wrap;\" ><div class=\"fusion-builder-row fusion-row fusion-flex-align-items-flex-start fusion-flex-justify-content-center fusion-flex-content-wrap\" style=\"max-width:1216.8px;margin-left: calc(-4% \/ 2 );margin-right: calc(-4% \/ 2 );\"><div class=\"fusion-layout-column fusion_builder_column fusion-builder-column-0 fusion_builder_column_2_3 2_3 fusion-flex-column\" style=\"--awb-padding-top:4%;--awb-padding-right:4%;--awb-padding-bottom:4%;--awb-padding-left:4%;--awb-bg-color:rgba(255,255,255,0.8);--awb-bg-color-hover:rgba(255,255,255,0.8);--awb-bg-size:cover;--awb-width-large:66.666666666667%;--awb-margin-top-large:10px;--awb-spacing-right-large:2.88%;--awb-margin-bottom-large:10px;--awb-spacing-left-large:2.88%;--awb-width-medium:100%;--awb-order-medium:0;--awb-spacing-right-medium:1.92%;--awb-spacing-left-medium:1.92%;--awb-width-small:100%;--awb-order-small:0;--awb-spacing-right-small:1.92%;--awb-spacing-left-small:1.92%;\"><div class=\"fusion-column-wrapper fusion-column-has-shadow fusion-flex-justify-content-flex-start fusion-content-layout-column\"><div class=\"fusion-title title fusion-title-1 fusion-sep-none fusion-title-center fusion-title-text fusion-title-size-three\" style=\"--awb-margin-top:0px;--awb-margin-top-small:10px;--awb-margin-right-small:0px;--awb-margin-bottom-small:20px;--awb-margin-left-small:0px;\"><h3 class=\"fusion-title-heading title-heading-center fusion-responsive-typography-calculated\" style=\"margin:0;--fontSize:34;line-height:1.3;\">SCCL\u00b4s Library<\/h3><\/div><div class=\"fusion-separator\" style=\"align-self: center;margin-left: auto;margin-right: auto;margin-top:2%;margin-bottom:4%;width:100%;max-width:50%;\"><div class=\"fusion-separator-border sep-single sep-solid\" style=\"--awb-height:20px;--awb-amount:20px;--awb-sep-color:#a38d5c;border-color:#a38d5c;border-top-width:1px;\"><\/div><\/div><div class=\"fusion-text fusion-text-1\" style=\"--awb-content-alignment:left;--awb-text-transform:none;\"><p><img decoding=\"async\" class=\"alignnone size-full wp-image-3604\" src=\"https:\/\/sccl.se\/wp-content\/uploads\/2021\/10\/logonewbmini.png\" alt=\"\" width=\"105\" height=\"27\" \/>  has on its own premises an extensive library which began with a donation by the late Professor Jan Hellner and with the acquisition of the library of the Institute of Company and Securities Law, whose activities are being continued by SCCL. Since then the library has been augmented through a variety of large donations, e.g. by Professor Lars Gorton and Professor Henrik Edelstam. The Foundation \u201cInstitutet f\u00f6r f\u00f6retagsjuridik\u201d has made donations to the library as well.<\/p>\n<p>The library receives ongoing donations from Jure F\u00f6rlag AB of newly published Swedish legal writings. It now holds about 5,500 titles, and SCCL intends to successively expand the library, which will be accessible to researchers in the field of commercial law.<\/p>\n<p>Doctoral Candidate Fredrik Sandberg is in charge of SCCL\u2019s library.<\/p>\n<\/div><\/div><\/div><\/div><\/div><div class=\"fusion-fullwidth fullwidth-box fusion-builder-row-2 fusion-flex-container has-pattern-background has-mask-background nonhundred-percent-fullwidth non-hundred-percent-height-scrolling\" style=\"--awb-background-position:left top;--awb-border-sizes-top:0px;--awb-border-sizes-bottom:0px;--awb-border-sizes-left:0px;--awb-border-sizes-right:0px;--awb-border-radius-top-left:0px;--awb-border-radius-top-right:0px;--awb-border-radius-bottom-right:0px;--awb-border-radius-bottom-left:0px;--awb-padding-top:40px;--awb-padding-bottom:40px;--awb-background-color:#f6f2eb;--awb-flex-wrap:wrap;\" ><div class=\"fusion-builder-row fusion-row fusion-flex-align-items-flex-start fusion-flex-justify-content-center fusion-flex-content-wrap\" style=\"max-width:calc( 1170px + 0px );margin-left: calc(-0px \/ 2 );margin-right: calc(-0px \/ 2 );\"><div class=\"fusion-layout-column fusion_builder_column fusion-builder-column-1 fusion_builder_column_2_3 2_3 fusion-flex-column\" style=\"--awb-padding-top:4%;--awb-padding-right:4%;--awb-padding-bottom:4%;--awb-padding-left:4%;--awb-bg-color:#ffffff;--awb-bg-color-hover:#ffffff;--awb-bg-size:cover;--awb-width-large:66.666666666667%;--awb-margin-top-large:10px;--awb-spacing-right-large:0px;--awb-margin-bottom-large:10px;--awb-spacing-left-large:0px;--awb-width-medium:100%;--awb-order-medium:0;--awb-spacing-right-medium:0px;--awb-spacing-left-medium:0px;--awb-width-small:100%;--awb-order-small:0;--awb-spacing-right-small:0px;--awb-spacing-left-small:0px;\"><div class=\"fusion-column-wrapper fusion-column-has-shadow fusion-flex-justify-content-flex-start fusion-content-layout-column\"><div class=\"fusion-title title fusion-title-2 fusion-sep-none fusion-title-center fusion-title-text fusion-title-size-four\" style=\"--awb-margin-top-small:10px;--awb-margin-right-small:0px;--awb-margin-bottom-small:20px;--awb-margin-left-small:0px;\"><h4 class=\"fusion-title-heading title-heading-center fusion-responsive-typography-calculated\" style=\"margin:0;--fontSize:25;line-height:1.3;\">SCCL\u00b4s Publication Series<\/h4><\/div><div class=\"fusion-separator\" style=\"align-self: center;margin-left: auto;margin-right: auto;margin-top:1%;margin-bottom:2%;width:100%;max-width:50%;\"><div class=\"fusion-separator-border sep-single sep-solid\" style=\"--awb-height:20px;--awb-amount:20px;--awb-sep-color:#a38d5c;border-color:#a38d5c;border-top-width:1px;\"><\/div><\/div><div class=\"fusion-text fusion-text-2\" style=\"--awb-text-transform:none;\"><p>In addition to the arrangement of seminars and conferences, publication of the research produced is a vital component of SCCL\u2019s activities. A project plan for SCCL\u2019s publishing activities was therefore drawn up in association with Professor Peter Wahlgren, resulting in a separate Publication series.<\/p>\n<p>Large numbers of articles and research reports are published individually every year by the researchers affiliated to SCCL and by lecturers at major seminars and conferences. SCCL therefore maintains publications of two kinds, issued in its series, namely its Yearbook and digests of papers for specific conferences. The lectures given at Council meetings have, however, been published in Juridisk Tidskrift (JT).<\/p>\n<ol>\n<li><em>\u00a0Tv\u00e5ngsinl\u00f6sen av minoritetsaktier \u2013 kommer den nya aktiebolagslagen att l\u00f6sa problemen? <\/em>(2003)<\/li>\n<li><em>\u00a0Nyemissioner av aktier \u2013 de lege lata och de lege ferenda<\/em>\u00a0(2004)<\/li>\n<li><em>\u00a0En svensk kod f\u00f6r bolagsstyrning \u2013 Vad \u00e4r det f\u00f6r n\u00e5got och vad inneb\u00e4r den?<\/em>\u00a0(2005)<\/li>\n<li><em>\u00a0Intressekonflikter och finansiella marknader<\/em>\u00a0(2006)<\/li>\n<li><em>\u00a0Commercial Law Challenges in the 21st Century \u2013 Jan Hellner in memoriam<\/em>\u00a0(2007)<\/li>\n<li><em>\u00a0Redovisning och juridik<\/em>\u00a0(2008)<\/li>\n<li><em>\u00a0Aktiebolagens minoritetsskydd<\/em>\u00a0(2008)<\/li>\n<li><em>\u00a0Stockholm Centre for Commercial Law \u00c5rsbok I<\/em>\u00a0(2008)<\/li>\n<li><em>\u00a0Finansiella kriser \u2013 betalningssystem och skuldf\u00f6rh\u00e5llanden<\/em>\u00a0(2009)<\/li>\n<li><em>\u00a0Aktie\u00e4gares r\u00e4ttigheter<\/em>\u00a0(2009)<\/li>\n<li><em>\u00a0CISG Part II Conference<\/em><em>\u00a0<\/em>(2009)<\/li>\n<li><em>\u00a0Marknadsmissbrukslagen i praktiken<\/em>\u00a0(2010)<\/li>\n<li><em>\u00a0Stockholm Centre for Commercial Law \u00c5rsbok II<\/em>\u00a0(2010)<\/li>\n<li><em>\u00a0A Common Frame of Reference for European Contract Law<\/em>\u00a0(2011)<\/li>\n<li><em>\u00a0Stockholm Centre for Commercial Law \u00c5rsbok III<\/em>\u00a0(2011)<\/li>\n<li><em>\u00a0Money Laundering<\/em>\u00a0(2012)<\/li>\n<li><em>\u00a0Hyresg\u00e4sts skadest\u00e5ndsansvar<\/em>\u00a0(2012)<\/li>\n<li>\u00a0<em>Stockholm Centre for Commercial Law \u00c5rsbok IV<\/em>\u00a0(2012)<\/li>\n<li>\u00a0<em>Perspectives on\u00a0Credit Rating Agencies<\/em>\u00a0(2013)<\/li>\n<li>\u00a0<em>Stockholm Centre for Commercial Law \u00c5rsbok V<\/em>\u00a0(2013)<\/li>\n<li>\u00a0<em>Bolagsst\u00e4mma<\/em>\u00a0(2014)<\/li>\n<li><em>\u00a0Functional or dysfunctional \u2013 the law as a cure?<\/em>\u00a0(2014)<\/li>\n<li><em>\u00a0Stockholm Centre for Commercial Law \u00c5rsbok V<\/em><em>I<\/em>\u00a0(2015)<\/li>\n<li><em>\u00a0Sk\u00e4lig hyra &#8211; en studie av brukv\u00e4rdesystemet <\/em>(2015)<\/li>\n<li><em>\u00a0Milj\u00f6farliga sj\u00f6transporter \u2013 internationella skadest\u00e5ndsregler <\/em>(2015)<\/li>\n<li><em>\u00a0Stockholm Centre for Commercial Law \u00c5rsbok VII <\/em>(2016)<\/li>\n<li><em>\u00a0Festskrift till Lars Pehrson<\/em>\u00a0(2016)<\/li>\n<li><em>\u00a0Stockholm Centre for Commercial Law \u00c5rsbok VIII<\/em>\u00a0(2017)<\/li>\n<li><em>\u00a0Nordiska f\u00f6rm\u00f6genhetsr\u00e4ttsdagarna <\/em>(2018)<\/li>\n<li><em>\u00a0Stockholm Centre for Commercial Law \u00c5rsbok IX<\/em>\u00a0(2018)<\/li>\n<li><em>Festskrift till Stefan Lindskog<\/em> (2018)<\/li>\n<li><em>Festskrift till G\u00f6ran Millqvist<\/em> (2019)<\/li>\n<li><em>Stockholm Centre for Commercial Law \u00c5rsbok X<\/em> (2019)<\/li>\n<li><em>Bostadsr\u00e4tten i initial- och \u00f6verg\u00e5ngsskeden<\/em> (2019)<\/li>\n<li><em>Pragmatism v. principfasthet i nordisk f\u00f6rm\u00f6genhetsr\u00e4tt<\/em> (2019)<\/li>\n<li><em>The Future of Arbitration in Europe<\/em> (2020)<\/li>\n<li><em>Stockholm Centre for Commercial Law \u00c5rsbok XI<\/em> (2020)<\/li>\n<li><em>Stockholm Centre for Commercial Law \u00c5rsbok XII<\/em> (2021)<\/li>\n<li><em>Festskrift till Jan Kleineman<\/em> (2021)<\/li>\n<li><em>Stockholm Centre for Commercial Law \u00c5rsbok XIII (2022)<\/em><\/li>\n<\/ol>\n<\/div><\/div><\/div><\/div><\/div><\/p>\n","protected":false},"excerpt":{"rendered":"","protected":false},"author":1,"featured_media":0,"parent":0,"menu_order":0,"comment_status":"closed","ping_status":"closed","template":"100-width.php","meta":{"footnotes":""},"class_list":["post-4099","page","type-page","status-publish","hentry"],"yoast_head":"<!-- This site is optimized with the Yoast SEO plugin v27.1.1 - https:\/\/yoast.com\/product\/yoast-seo-wordpress\/ -->\n<title>Library and Publication Series - SCCL<\/title>\n<meta name=\"robots\" content=\"index, follow, max-snippet:-1, max-image-preview:large, max-video-preview:-1\" \/>\n<link rel=\"canonical\" href=\"https:\/\/sccl.se\/en\/library-and-publication-series\/\" \/>\n<meta property=\"og:locale\" content=\"en_US\" \/>\n<meta property=\"og:type\" content=\"article\" \/>\n<meta property=\"og:title\" content=\"Library and Publication Series - SCCL\" \/>\n<meta property=\"og:url\" content=\"https:\/\/sccl.se\/en\/library-and-publication-series\/\" \/>\n<meta property=\"og:site_name\" content=\"SCCL\" \/>\n<meta property=\"article:modified_time\" content=\"2025-10-14T15:28:02+00:00\" \/>\n<meta property=\"og:image\" content=\"https:\/\/sccl.se\/wp-content\/uploads\/2021\/10\/logonewbmini.png\" \/>\n\t<meta property=\"og:image:width\" content=\"105\" \/>\n\t<meta property=\"og:image:height\" content=\"27\" \/>\n\t<meta property=\"og:image:type\" content=\"image\/png\" \/>\n<meta name=\"twitter:card\" content=\"summary_large_image\" \/>\n<meta name=\"twitter:label1\" content=\"Est. reading time\" \/>\n\t<meta name=\"twitter:data1\" content=\"3 minutes\" \/>\n<script type=\"application\/ld+json\" class=\"yoast-schema-graph\">{\"@context\":\"https:\/\/schema.org\",\"@graph\":[{\"@type\":\"WebPage\",\"@id\":\"https:\/\/sccl.se\/en\/library-and-publication-series\/\",\"url\":\"https:\/\/sccl.se\/en\/library-and-publication-series\/\",\"name\":\"Library and Publication Series - SCCL\",\"isPartOf\":{\"@id\":\"https:\/\/sccl.se\/en\/#website\"},\"primaryImageOfPage\":{\"@id\":\"https:\/\/sccl.se\/en\/library-and-publication-series\/#primaryimage\"},\"image\":{\"@id\":\"https:\/\/sccl.se\/en\/library-and-publication-series\/#primaryimage\"},\"thumbnailUrl\":\"https:\/\/sccl.se\/wp-content\/uploads\/2021\/10\/logonewbmini.png\",\"datePublished\":\"2021-04-13T10:34:42+00:00\",\"dateModified\":\"2025-10-14T15:28:02+00:00\",\"breadcrumb\":{\"@id\":\"https:\/\/sccl.se\/en\/library-and-publication-series\/#breadcrumb\"},\"inLanguage\":\"en-US\",\"potentialAction\":[{\"@type\":\"ReadAction\",\"target\":[\"https:\/\/sccl.se\/en\/library-and-publication-series\/\"]}]},{\"@type\":\"ImageObject\",\"inLanguage\":\"en-US\",\"@id\":\"https:\/\/sccl.se\/en\/library-and-publication-series\/#primaryimage\",\"url\":\"https:\/\/sccl.se\/wp-content\/uploads\/2021\/10\/logonewbmini.png\",\"contentUrl\":\"https:\/\/sccl.se\/wp-content\/uploads\/2021\/10\/logonewbmini.png\"},{\"@type\":\"BreadcrumbList\",\"@id\":\"https:\/\/sccl.se\/en\/library-and-publication-series\/#breadcrumb\",\"itemListElement\":[{\"@type\":\"ListItem\",\"position\":1,\"name\":\"Hem\",\"item\":\"https:\/\/sccl.se\/en\/\"},{\"@type\":\"ListItem\",\"position\":2,\"name\":\"Library and Publication Series\"}]},{\"@type\":\"WebSite\",\"@id\":\"https:\/\/sccl.se\/en\/#website\",\"url\":\"https:\/\/sccl.se\/en\/\",\"name\":\"SCCL\",\"description\":\"Stockholm Center for Commercial Law\",\"publisher\":{\"@id\":\"https:\/\/sccl.se\/en\/#organization\"},\"potentialAction\":[{\"@type\":\"SearchAction\",\"target\":{\"@type\":\"EntryPoint\",\"urlTemplate\":\"https:\/\/sccl.se\/en\/?s={search_term_string}\"},\"query-input\":{\"@type\":\"PropertyValueSpecification\",\"valueRequired\":true,\"valueName\":\"search_term_string\"}}],\"inLanguage\":\"en-US\"},{\"@type\":\"Organization\",\"@id\":\"https:\/\/sccl.se\/en\/#organization\",\"name\":\"Stockholm Center for Commercial Law\",\"url\":\"https:\/\/sccl.se\/en\/\",\"logo\":{\"@type\":\"ImageObject\",\"inLanguage\":\"en-US\",\"@id\":\"https:\/\/sccl.se\/en\/#\/schema\/logo\/image\/\",\"url\":\"https:\/\/sccl.se\/wp-content\/uploads\/2021\/10\/logonewb.png\",\"contentUrl\":\"https:\/\/sccl.se\/wp-content\/uploads\/2021\/10\/logonewb.png\",\"width\":210,\"height\":53,\"caption\":\"Stockholm Center for Commercial Law\"},\"image\":{\"@id\":\"https:\/\/sccl.se\/en\/#\/schema\/logo\/image\/\"}}]}<\/script>\n<!-- \/ Yoast SEO plugin. -->","yoast_head_json":{"title":"Library and Publication Series - SCCL","robots":{"index":"index","follow":"follow","max-snippet":"max-snippet:-1","max-image-preview":"max-image-preview:large","max-video-preview":"max-video-preview:-1"},"canonical":"https:\/\/sccl.se\/en\/library-and-publication-series\/","og_locale":"en_US","og_type":"article","og_title":"Library and Publication Series - SCCL","og_url":"https:\/\/sccl.se\/en\/library-and-publication-series\/","og_site_name":"SCCL","article_modified_time":"2025-10-14T15:28:02+00:00","og_image":[{"width":105,"height":27,"url":"https:\/\/sccl.se\/wp-content\/uploads\/2021\/10\/logonewbmini.png","type":"image\/png"}],"twitter_card":"summary_large_image","twitter_misc":{"Est. reading time":"3 minutes"},"schema":{"@context":"https:\/\/schema.org","@graph":[{"@type":"WebPage","@id":"https:\/\/sccl.se\/en\/library-and-publication-series\/","url":"https:\/\/sccl.se\/en\/library-and-publication-series\/","name":"Library and Publication Series - SCCL","isPartOf":{"@id":"https:\/\/sccl.se\/en\/#website"},"primaryImageOfPage":{"@id":"https:\/\/sccl.se\/en\/library-and-publication-series\/#primaryimage"},"image":{"@id":"https:\/\/sccl.se\/en\/library-and-publication-series\/#primaryimage"},"thumbnailUrl":"https:\/\/sccl.se\/wp-content\/uploads\/2021\/10\/logonewbmini.png","datePublished":"2021-04-13T10:34:42+00:00","dateModified":"2025-10-14T15:28:02+00:00","breadcrumb":{"@id":"https:\/\/sccl.se\/en\/library-and-publication-series\/#breadcrumb"},"inLanguage":"en-US","potentialAction":[{"@type":"ReadAction","target":["https:\/\/sccl.se\/en\/library-and-publication-series\/"]}]},{"@type":"ImageObject","inLanguage":"en-US","@id":"https:\/\/sccl.se\/en\/library-and-publication-series\/#primaryimage","url":"https:\/\/sccl.se\/wp-content\/uploads\/2021\/10\/logonewbmini.png","contentUrl":"https:\/\/sccl.se\/wp-content\/uploads\/2021\/10\/logonewbmini.png"},{"@type":"BreadcrumbList","@id":"https:\/\/sccl.se\/en\/library-and-publication-series\/#breadcrumb","itemListElement":[{"@type":"ListItem","position":1,"name":"Hem","item":"https:\/\/sccl.se\/en\/"},{"@type":"ListItem","position":2,"name":"Library and Publication Series"}]},{"@type":"WebSite","@id":"https:\/\/sccl.se\/en\/#website","url":"https:\/\/sccl.se\/en\/","name":"SCCL","description":"Stockholm Center for Commercial Law","publisher":{"@id":"https:\/\/sccl.se\/en\/#organization"},"potentialAction":[{"@type":"SearchAction","target":{"@type":"EntryPoint","urlTemplate":"https:\/\/sccl.se\/en\/?s={search_term_string}"},"query-input":{"@type":"PropertyValueSpecification","valueRequired":true,"valueName":"search_term_string"}}],"inLanguage":"en-US"},{"@type":"Organization","@id":"https:\/\/sccl.se\/en\/#organization","name":"Stockholm Center for Commercial Law","url":"https:\/\/sccl.se\/en\/","logo":{"@type":"ImageObject","inLanguage":"en-US","@id":"https:\/\/sccl.se\/en\/#\/schema\/logo\/image\/","url":"https:\/\/sccl.se\/wp-content\/uploads\/2021\/10\/logonewb.png","contentUrl":"https:\/\/sccl.se\/wp-content\/uploads\/2021\/10\/logonewb.png","width":210,"height":53,"caption":"Stockholm Center for Commercial Law"},"image":{"@id":"https:\/\/sccl.se\/en\/#\/schema\/logo\/image\/"}}]}},"_links":{"self":[{"href":"https:\/\/sccl.se\/en\/wp-json\/wp\/v2\/pages\/4099","targetHints":{"allow":["GET"]}}],"collection":[{"href":"https:\/\/sccl.se\/en\/wp-json\/wp\/v2\/pages"}],"about":[{"href":"https:\/\/sccl.se\/en\/wp-json\/wp\/v2\/types\/page"}],"author":[{"embeddable":true,"href":"https:\/\/sccl.se\/en\/wp-json\/wp\/v2\/users\/1"}],"replies":[{"embeddable":true,"href":"https:\/\/sccl.se\/en\/wp-json\/wp\/v2\/comments?post=4099"}],"version-history":[{"count":5,"href":"https:\/\/sccl.se\/en\/wp-json\/wp\/v2\/pages\/4099\/revisions"}],"predecessor-version":[{"id":6950,"href":"https:\/\/sccl.se\/en\/wp-json\/wp\/v2\/pages\/4099\/revisions\/6950"}],"wp:attachment":[{"href":"https:\/\/sccl.se\/en\/wp-json\/wp\/v2\/media?parent=4099"}],"curies":[{"name":"wp","href":"https:\/\/api.w.org\/{rel}","templated":true}]}}