{"id":4317,"date":"2022-06-16T22:12:25","date_gmt":"2022-06-16T20:12:25","guid":{"rendered":"https:\/\/sccl.se\/scgi\/"},"modified":"2022-12-14T17:59:42","modified_gmt":"2022-12-14T16:59:42","slug":"scgi","status":"publish","type":"page","link":"https:\/\/sccl.se\/en\/scgi\/","title":{"rendered":"SCGI"},"content":{"rendered":"<p><div class=\"fusion-fullwidth fullwidth-box fusion-builder-row-1 fusion-flex-container nonhundred-percent-fullwidth non-hundred-percent-height-scrolling\" style=\"--awb-border-radius-top-left:0px;--awb-border-radius-top-right:0px;--awb-border-radius-bottom-right:0px;--awb-border-radius-bottom-left:0px;--awb-flex-wrap:wrap;\" ><div class=\"fusion-builder-row fusion-row fusion-flex-align-items-flex-start fusion-flex-content-wrap\" style=\"max-width:1216.8px;margin-left: calc(-4% \/ 2 );margin-right: calc(-4% \/ 2 );\"><div class=\"fusion-layout-column fusion_builder_column fusion-builder-column-0 fusion_builder_column_1_1 1_1 fusion-flex-column\" style=\"--awb-bg-size:cover;--awb-width-large:100%;--awb-margin-top-large:10px;--awb-spacing-right-large:1.92%;--awb-margin-bottom-large:10px;--awb-spacing-left-large:1.92%;--awb-width-medium:100%;--awb-order-medium:0;--awb-spacing-right-medium:1.92%;--awb-spacing-left-medium:1.92%;--awb-width-small:100%;--awb-order-small:0;--awb-spacing-right-small:1.92%;--awb-spacing-left-small:1.92%;\"><div class=\"fusion-column-wrapper fusion-column-has-shadow fusion-flex-justify-content-flex-start fusion-content-layout-column\"><div class=\"fusion-text fusion-text-1\"><h1>SCGI<\/h1>\n<p><span style=\"font-size: 1.3rem; line-height: 1.6rem; font-weight: 600;\">The Swedish Corporate Governance Institute (SCGI) conducts applied corporate governance research and education from a law and economics perspective on how the regulatory framework and market practices effects business dynamics, ownership, entrepreneurship, innovation and investments in the real economy. The work is focused on topical legal and regulatory issues as well as legal and market practices relevant for Swedish listed companies and stock market. The Institute benefits from collaboration with an extensive Swedish and international network of academics and practitioners.<br \/>\nThe Swedish Corporate Governance Institute, is a new part of the SCCL, and will function as a research panel for corporate governance.<\/span><\/p>\n<\/div><\/div><\/div><\/div><\/div><div class=\"fusion-fullwidth fullwidth-box fusion-builder-row-2 fusion-flex-container has-pattern-background has-mask-background nonhundred-percent-fullwidth non-hundred-percent-height-scrolling\" style=\"--awb-border-radius-top-left:0px;--awb-border-radius-top-right:0px;--awb-border-radius-bottom-right:0px;--awb-border-radius-bottom-left:0px;--awb-padding-bottom:2%;--awb-flex-wrap:wrap;\" ><div class=\"fusion-builder-row fusion-row fusion-flex-align-items-flex-start fusion-flex-content-wrap\" style=\"max-width:1216.8px;margin-left: calc(-4% \/ 2 );margin-right: calc(-4% \/ 2 );\"><div class=\"fusion-layout-column fusion_builder_column fusion-builder-column-1 fusion_builder_column_1_1 1_1 fusion-flex-column\" style=\"--awb-bg-size:cover;--awb-width-large:100%;--awb-margin-top-large:10px;--awb-spacing-right-large:1.92%;--awb-margin-bottom-large:10px;--awb-spacing-left-large:1.92%;--awb-width-medium:100%;--awb-order-medium:0;--awb-spacing-right-medium:1.92%;--awb-spacing-left-medium:1.92%;--awb-width-small:100%;--awb-order-small:0;--awb-spacing-right-small:1.92%;--awb-spacing-left-small:1.92%;\"><div class=\"fusion-column-wrapper fusion-column-has-shadow fusion-flex-justify-content-flex-start fusion-content-layout-column\"><div class=\"fusion-text fusion-text-2\"><p>The Swedish Corporate Governance Institute\u202fconducts applied\u202fresearch\u202fand\u202feducation\u202fin the area of corporate governance from a law and economics perspective, with a focus on how the corporate governance regulatory framework and market practices influences business dynamics, entrepreneurship, innovation and investments in the real economy. Through theoretical and empirical research across the areas of law in combination with economics, accounting and business, often drawing on fundamental research in these fields, the work aims to be of direct practical relevance to listed companies, investors and policymakers.<\/p>\n<p>Outreach and collaboration are other important features of the Institute, with the aim of giving 2\u20133 relevant and research-based seminars on topical corporate governance issues every term, directed at academics as well as those working in the corporate governance field. While these seminars are an important channel to spread the Institute\u2019s research, it is also an important way to get input on the Institute\u2019s work. The Institute also has a particularly active advisory board, consisting of leading academics and business leaders, which also plays a crucial role in keeping the Institute\u2019s work relevant.<\/p>\n<p>The Institute\u2019s research and education benefits greatly from collaboration with an extensive network of academics and practitioners in Sweden and abroad, which enables the Institute to disseminate and inform about the process and rational behind the development of the Swedish corporate governance framework, and to keep track of the most important challenges in corporate governance.<\/p>\n<\/div><\/div><\/div><div class=\"fusion-layout-column fusion_builder_column fusion-builder-column-2 fusion_builder_column_1_1 1_1 fusion-flex-column\" style=\"--awb-bg-size:cover;--awb-width-large:100%;--awb-margin-top-large:10px;--awb-spacing-right-large:1.92%;--awb-margin-bottom-large:10px;--awb-spacing-left-large:1.92%;--awb-width-medium:100%;--awb-order-medium:0;--awb-spacing-right-medium:1.92%;--awb-spacing-left-medium:1.92%;--awb-width-small:100%;--awb-order-small:0;--awb-spacing-right-small:1.92%;--awb-spacing-left-small:1.92%;\"><div class=\"fusion-column-wrapper fusion-column-has-shadow fusion-flex-justify-content-flex-start fusion-content-layout-column\"><div class=\"fusion-separator fusion-full-width-sep\" style=\"align-self: center;margin-left: auto;margin-right: auto;margin-bottom:3%;width:100%;\"><div class=\"fusion-separator-border sep-single sep-solid\" style=\"--awb-height:20px;--awb-amount:20px;border-color:#e7e4e2;border-top-width:1px;\"><\/div><\/div><div class=\"fusion-text fusion-text-3\"><p><span style=\"font-size: 1.3rem; font-weight: 600; letter-spacing: 2px;\">CONTACT<\/span><br \/>\n<span style=\"font-size: 1.1rem;\">Erik Lidman<br \/>\nEmail: <a href=\"mailto:erik.lidman@juridicum.su.se\">erik.lidman@juridicum.su.se<\/a><\/span><\/p>\n<\/div><div class=\"fusion-separator fusion-full-width-sep\" style=\"align-self: center;margin-left: auto;margin-right: auto;margin-top:3%;width:100%;\"><div class=\"fusion-separator-border sep-single sep-solid\" style=\"--awb-height:20px;--awb-amount:20px;border-color:#e7e4e2;border-top-width:1px;\"><\/div><\/div><\/div><\/div><\/div><\/div><div class=\"fusion-fullwidth fullwidth-box fusion-builder-row-3 has-pattern-background has-mask-background nonhundred-percent-fullwidth non-hundred-percent-height-scrolling fusion-equal-height-columns\" style=\"--awb-border-radius-top-left:0px;--awb-border-radius-top-right:0px;--awb-border-radius-bottom-right:0px;--awb-border-radius-bottom-left:0px;--awb-padding-right:25%;--awb-padding-left:25%;--awb-flex-wrap:wrap;\" ><div class=\"fusion-builder-row fusion-row\"><div class=\"fusion-layout-column fusion_builder_column fusion-builder-column-3 fusion_builder_column_1_1 1_1 fusion-one-full fusion-column-first fusion-column-last fusion-column-no-min-height\" style=\"--awb-bg-size:cover;\"><div class=\"fusion-column-wrapper fusion-column-has-shadow fusion-flex-column-wrapper-legacy\"><div class=\"fusion-text fusion-text-4\"><h3 style=\"text-align: center;\">Partners<\/h3>\n<\/div><div class=\"fusion-text fusion-text-5\"><p style=\"text-align: center;\">The work by the SCGI is in its entirety made possible by the generous financial support of our partners, with whom the SCGI cooperates closely with in its activities and who helps the institute focus its research where it is most needed.<\/p>\n<p style=\"text-align: center;\">The SCGI is proud to partner with:<\/p>\n<\/div><div class=\"fusion-clearfix\"><\/div><\/div><\/div><div class=\"fusion-layout-column fusion_builder_column fusion-builder-column-4 fusion_builder_column_1_3 1_3 fusion-one-third fusion-column-first\" style=\"--awb-bg-size:cover;--awb-border-color:#e7e4e2;--awb-border-bottom:1px;--awb-border-style:solid;--awb-margin-top:3%;width:33.333333333333%;width:calc(33.333333333333% - ( ( 4% + 4% ) * 0.33333333333333 ) );margin-right: 4%;\"><div class=\"fusion-column-wrapper fusion-column-has-shadow fusion-flex-column-wrapper-legacy\"><div class=\"fusion-image-element in-legacy-container\" style=\"--awb-caption-title-font-family:var(--h2_typography-font-family);--awb-caption-title-font-weight:var(--h2_typography-font-weight);--awb-caption-title-font-style:var(--h2_typography-font-style);--awb-caption-title-size:var(--h2_typography-font-size);--awb-caption-title-transform:var(--h2_typography-text-transform);--awb-caption-title-line-height:var(--h2_typography-line-height);--awb-caption-title-letter-spacing:var(--h2_typography-letter-spacing);\"><span class=\" fusion-imageframe imageframe-none imageframe-1 hover-type-none\"><img decoding=\"async\" width=\"320\" height=\"157\" alt=\"F\u00f6reningen Auktoriserade Revisorer\" title=\"far\" src=\"https:\/\/sccl.se\/wp-content\/uploads\/2022\/10\/far.png\" class=\"img-responsive wp-image-4532\" srcset=\"https:\/\/sccl.se\/wp-content\/uploads\/2022\/10\/far-200x98.png 200w, https:\/\/sccl.se\/wp-content\/uploads\/2022\/10\/far.png 320w\" sizes=\"(max-width: 801px) 100vw, 320px\" \/><\/span><\/div><div class=\"fusion-sep-clear\"><\/div><div class=\"fusion-separator fusion-full-width-sep\" style=\"margin-left: auto;margin-right: auto;margin-top:5%;margin-bottom:5%;width:100%;\"><\/div><div class=\"fusion-sep-clear\"><\/div><div class=\"fusion-clearfix\"><\/div><\/div><\/div><div class=\"fusion-layout-column fusion_builder_column fusion-builder-column-5 fusion_builder_column_1_3 1_3 fusion-one-third\" style=\"--awb-bg-size:cover;--awb-border-color:#e7e4e2;--awb-border-bottom:1px;--awb-border-style:solid;--awb-margin-top:3%;width:33.333333333333%;width:calc(33.333333333333% - ( ( 4% + 4% ) * 0.33333333333333 ) );margin-right: 4%;\"><div class=\"fusion-column-wrapper fusion-column-has-shadow fusion-flex-column-wrapper-legacy\"><div class=\"fusion-image-element in-legacy-container\" style=\"--awb-caption-title-font-family:var(--h2_typography-font-family);--awb-caption-title-font-weight:var(--h2_typography-font-weight);--awb-caption-title-font-style:var(--h2_typography-font-style);--awb-caption-title-size:var(--h2_typography-font-size);--awb-caption-title-transform:var(--h2_typography-text-transform);--awb-caption-title-line-height:var(--h2_typography-line-height);--awb-caption-title-letter-spacing:var(--h2_typography-letter-spacing);\"><span class=\" fusion-imageframe imageframe-none imageframe-2 hover-type-none\"><img decoding=\"async\" width=\"1198\" height=\"558\" alt=\"KARL-ADAM BONNIERS STIFTELSE\" title=\"kabs\" src=\"https:\/\/sccl.se\/wp-content\/uploads\/2022\/10\/kabs.png\" class=\"img-responsive wp-image-4528\" srcset=\"https:\/\/sccl.se\/wp-content\/uploads\/2022\/10\/kabs-200x93.png 200w, https:\/\/sccl.se\/wp-content\/uploads\/2022\/10\/kabs-400x186.png 400w, https:\/\/sccl.se\/wp-content\/uploads\/2022\/10\/kabs-600x279.png 600w, https:\/\/sccl.se\/wp-content\/uploads\/2022\/10\/kabs-800x373.png 800w, https:\/\/sccl.se\/wp-content\/uploads\/2022\/10\/kabs.png 1198w\" sizes=\"(max-width: 801px) 100vw, 400px\" \/><\/span><\/div><div class=\"fusion-sep-clear\"><\/div><div class=\"fusion-separator fusion-full-width-sep\" style=\"margin-left: auto;margin-right: auto;margin-top:5%;margin-bottom:5%;width:100%;\"><\/div><div class=\"fusion-sep-clear\"><\/div><div class=\"fusion-clearfix\"><\/div><\/div><\/div><div class=\"fusion-layout-column fusion_builder_column fusion-builder-column-6 fusion_builder_column_1_3 1_3 fusion-one-third fusion-column-last\" style=\"--awb-bg-size:cover;--awb-border-color:#e7e4e2;--awb-border-bottom:1px;--awb-border-style:solid;--awb-margin-top:3%;width:33.333333333333%;width:calc(33.333333333333% - ( ( 4% + 4% ) * 0.33333333333333 ) );\"><div class=\"fusion-column-wrapper fusion-column-has-shadow fusion-flex-column-wrapper-legacy\"><div class=\"fusion-image-element in-legacy-container\" style=\"--awb-caption-title-font-family:var(--h2_typography-font-family);--awb-caption-title-font-weight:var(--h2_typography-font-weight);--awb-caption-title-font-style:var(--h2_typography-font-style);--awb-caption-title-size:var(--h2_typography-font-size);--awb-caption-title-transform:var(--h2_typography-text-transform);--awb-caption-title-line-height:var(--h2_typography-line-height);--awb-caption-title-letter-spacing:var(--h2_typography-letter-spacing);\"><span class=\" fusion-imageframe imageframe-none imageframe-3 hover-type-none\"><img decoding=\"async\" alt=\"Institutionella \u00c4gares F\u00f6rening\" src=\"https:\/\/sccl.se\/wp-content\/uploads\/2022\/10\/iaf.png\" class=\"img-responsive\"\/><\/span><\/div><div class=\"fusion-sep-clear\"><\/div><div class=\"fusion-separator fusion-full-width-sep\" style=\"margin-left: auto;margin-right: auto;margin-top:5%;margin-bottom:5%;width:100%;\"><\/div><div class=\"fusion-sep-clear\"><\/div><div class=\"fusion-clearfix\"><\/div><\/div><\/div><div class=\"fusion-layout-column fusion_builder_column fusion-builder-column-7 fusion_builder_column_1_2 1_2 fusion-one-half fusion-column-first\" style=\"--awb-bg-size:cover;--awb-box-shadow: 0px 0px ;;--awb-margin-top:3%;width:50%;width:calc(50% - ( ( 4% ) * 0.5 ) );margin-right: 4%;\"><div class=\"fusion-column-wrapper fusion-column-has-shadow fusion-flex-column-wrapper-legacy\"><div class=\"fusion-image-element fusion-image-align-right in-legacy-container\" style=\"text-align:right;--awb-caption-title-font-family:var(--h2_typography-font-family);--awb-caption-title-font-weight:var(--h2_typography-font-weight);--awb-caption-title-font-style:var(--h2_typography-font-style);--awb-caption-title-size:var(--h2_typography-font-size);--awb-caption-title-transform:var(--h2_typography-text-transform);--awb-caption-title-line-height:var(--h2_typography-line-height);--awb-caption-title-letter-spacing:var(--h2_typography-letter-spacing);\"><span class=\" fusion-imageframe imageframe-none imageframe-4 hover-type-none\" style=\"margin-left:25px;float:right;\"><img decoding=\"async\" alt=\"F\u00f6reningen F\u00f6r God Sed P\u00e5 V\u00e4rdepappersmarknaden\" src=\"https:\/\/sccl.se\/wp-content\/uploads\/2022\/10\/godsed.png\" class=\"img-responsive\"\/><\/span><\/div><div class=\"fusion-sep-clear\"><\/div><div class=\"fusion-separator fusion-no-medium-visibility fusion-no-large-visibility fusion-full-width-sep\" style=\"margin-left: auto;margin-right: auto;margin-top:5%;margin-bottom:5%;width:100%;\"><div class=\"fusion-separator-border sep-single sep-solid\" style=\"--awb-height:20px;--awb-amount:20px;border-color:#e7e4e2;border-top-width:1px;\"><\/div><\/div><div class=\"fusion-sep-clear\"><\/div><div class=\"fusion-clearfix\"><\/div><\/div><\/div><div class=\"fusion-layout-column fusion_builder_column fusion-builder-column-8 fusion_builder_column_1_2 1_2 fusion-one-half fusion-column-last\" style=\"--awb-bg-size:cover;--awb-margin-top:3%;width:50%;width:calc(50% - ( ( 4% ) * 0.5 ) );\"><div class=\"fusion-column-wrapper fusion-column-has-shadow fusion-flex-column-wrapper-legacy\"><div class=\"fusion-image-element in-legacy-container\" style=\"--awb-caption-title-font-family:var(--h2_typography-font-family);--awb-caption-title-font-weight:var(--h2_typography-font-weight);--awb-caption-title-font-style:var(--h2_typography-font-style);--awb-caption-title-size:var(--h2_typography-font-size);--awb-caption-title-transform:var(--h2_typography-text-transform);--awb-caption-title-line-height:var(--h2_typography-line-height);--awb-caption-title-letter-spacing:var(--h2_typography-letter-spacing);\"><span class=\" fusion-imageframe imageframe-none imageframe-5 hover-type-none\"><img decoding=\"async\" alt=\"Styrelseakademien\" src=\"https:\/\/sccl.se\/wp-content\/uploads\/2022\/10\/sa_sverige.png\" class=\"img-responsive\"\/><\/span><\/div><div class=\"fusion-sep-clear\"><\/div><div class=\"fusion-separator fusion-no-medium-visibility fusion-no-large-visibility fusion-full-width-sep\" style=\"margin-left: auto;margin-right: auto;margin-top:5%;margin-bottom:5%;width:100%;\"><div class=\"fusion-separator-border sep-single sep-solid\" style=\"--awb-height:20px;--awb-amount:20px;border-color:#e7e4e2;border-top-width:1px;\"><\/div><\/div><div class=\"fusion-sep-clear\"><\/div><div class=\"fusion-clearfix\"><\/div><\/div><\/div><\/div><\/div><\/p>\n","protected":false},"excerpt":{"rendered":"","protected":false},"author":1,"featured_media":0,"parent":0,"menu_order":0,"comment_status":"closed","ping_status":"closed","template":"100-width.php","meta":{"footnotes":""},"class_list":["post-4317","page","type-page","status-publish","hentry"],"yoast_head":"<!-- This site is optimized with the Yoast SEO plugin v27.1.1 - https:\/\/yoast.com\/product\/yoast-seo-wordpress\/ -->\n<title>SCGI - SCCL<\/title>\n<meta name=\"robots\" content=\"index, follow, max-snippet:-1, max-image-preview:large, max-video-preview:-1\" \/>\n<link rel=\"canonical\" href=\"https:\/\/sccl.se\/en\/scgi\/\" \/>\n<meta property=\"og:locale\" content=\"en_US\" \/>\n<meta property=\"og:type\" content=\"article\" \/>\n<meta property=\"og:title\" content=\"SCGI - SCCL\" \/>\n<meta property=\"og:url\" content=\"https:\/\/sccl.se\/en\/scgi\/\" \/>\n<meta property=\"og:site_name\" content=\"SCCL\" \/>\n<meta property=\"article:modified_time\" content=\"2022-12-14T16:59:42+00:00\" \/>\n<meta name=\"twitter:card\" content=\"summary_large_image\" \/>\n<meta name=\"twitter:label1\" content=\"Est. reading time\" \/>\n\t<meta name=\"twitter:data1\" content=\"14 minutes\" \/>\n<script type=\"application\/ld+json\" class=\"yoast-schema-graph\">{\"@context\":\"https:\/\/schema.org\",\"@graph\":[{\"@type\":\"WebPage\",\"@id\":\"https:\/\/sccl.se\/en\/scgi\/\",\"url\":\"https:\/\/sccl.se\/en\/scgi\/\",\"name\":\"SCGI - SCCL\",\"isPartOf\":{\"@id\":\"https:\/\/sccl.se\/en\/#website\"},\"datePublished\":\"2022-06-16T20:12:25+00:00\",\"dateModified\":\"2022-12-14T16:59:42+00:00\",\"breadcrumb\":{\"@id\":\"https:\/\/sccl.se\/en\/scgi\/#breadcrumb\"},\"inLanguage\":\"en-US\",\"potentialAction\":[{\"@type\":\"ReadAction\",\"target\":[\"https:\/\/sccl.se\/en\/scgi\/\"]}]},{\"@type\":\"BreadcrumbList\",\"@id\":\"https:\/\/sccl.se\/en\/scgi\/#breadcrumb\",\"itemListElement\":[{\"@type\":\"ListItem\",\"position\":1,\"name\":\"Hem\",\"item\":\"https:\/\/sccl.se\/en\/\"},{\"@type\":\"ListItem\",\"position\":2,\"name\":\"SCGI\"}]},{\"@type\":\"WebSite\",\"@id\":\"https:\/\/sccl.se\/en\/#website\",\"url\":\"https:\/\/sccl.se\/en\/\",\"name\":\"SCCL\",\"description\":\"Stockholm Center for Commercial Law\",\"publisher\":{\"@id\":\"https:\/\/sccl.se\/en\/#organization\"},\"potentialAction\":[{\"@type\":\"SearchAction\",\"target\":{\"@type\":\"EntryPoint\",\"urlTemplate\":\"https:\/\/sccl.se\/en\/?s={search_term_string}\"},\"query-input\":{\"@type\":\"PropertyValueSpecification\",\"valueRequired\":true,\"valueName\":\"search_term_string\"}}],\"inLanguage\":\"en-US\"},{\"@type\":\"Organization\",\"@id\":\"https:\/\/sccl.se\/en\/#organization\",\"name\":\"Stockholm Center for Commercial Law\",\"url\":\"https:\/\/sccl.se\/en\/\",\"logo\":{\"@type\":\"ImageObject\",\"inLanguage\":\"en-US\",\"@id\":\"https:\/\/sccl.se\/en\/#\/schema\/logo\/image\/\",\"url\":\"https:\/\/sccl.se\/wp-content\/uploads\/2021\/10\/logonewb.png\",\"contentUrl\":\"https:\/\/sccl.se\/wp-content\/uploads\/2021\/10\/logonewb.png\",\"width\":210,\"height\":53,\"caption\":\"Stockholm Center for Commercial Law\"},\"image\":{\"@id\":\"https:\/\/sccl.se\/en\/#\/schema\/logo\/image\/\"}}]}<\/script>\n<!-- \/ Yoast SEO plugin. -->","yoast_head_json":{"title":"SCGI - SCCL","robots":{"index":"index","follow":"follow","max-snippet":"max-snippet:-1","max-image-preview":"max-image-preview:large","max-video-preview":"max-video-preview:-1"},"canonical":"https:\/\/sccl.se\/en\/scgi\/","og_locale":"en_US","og_type":"article","og_title":"SCGI - SCCL","og_url":"https:\/\/sccl.se\/en\/scgi\/","og_site_name":"SCCL","article_modified_time":"2022-12-14T16:59:42+00:00","twitter_card":"summary_large_image","twitter_misc":{"Est. reading time":"14 minutes"},"schema":{"@context":"https:\/\/schema.org","@graph":[{"@type":"WebPage","@id":"https:\/\/sccl.se\/en\/scgi\/","url":"https:\/\/sccl.se\/en\/scgi\/","name":"SCGI - SCCL","isPartOf":{"@id":"https:\/\/sccl.se\/en\/#website"},"datePublished":"2022-06-16T20:12:25+00:00","dateModified":"2022-12-14T16:59:42+00:00","breadcrumb":{"@id":"https:\/\/sccl.se\/en\/scgi\/#breadcrumb"},"inLanguage":"en-US","potentialAction":[{"@type":"ReadAction","target":["https:\/\/sccl.se\/en\/scgi\/"]}]},{"@type":"BreadcrumbList","@id":"https:\/\/sccl.se\/en\/scgi\/#breadcrumb","itemListElement":[{"@type":"ListItem","position":1,"name":"Hem","item":"https:\/\/sccl.se\/en\/"},{"@type":"ListItem","position":2,"name":"SCGI"}]},{"@type":"WebSite","@id":"https:\/\/sccl.se\/en\/#website","url":"https:\/\/sccl.se\/en\/","name":"SCCL","description":"Stockholm Center for Commercial Law","publisher":{"@id":"https:\/\/sccl.se\/en\/#organization"},"potentialAction":[{"@type":"SearchAction","target":{"@type":"EntryPoint","urlTemplate":"https:\/\/sccl.se\/en\/?s={search_term_string}"},"query-input":{"@type":"PropertyValueSpecification","valueRequired":true,"valueName":"search_term_string"}}],"inLanguage":"en-US"},{"@type":"Organization","@id":"https:\/\/sccl.se\/en\/#organization","name":"Stockholm Center for Commercial Law","url":"https:\/\/sccl.se\/en\/","logo":{"@type":"ImageObject","inLanguage":"en-US","@id":"https:\/\/sccl.se\/en\/#\/schema\/logo\/image\/","url":"https:\/\/sccl.se\/wp-content\/uploads\/2021\/10\/logonewb.png","contentUrl":"https:\/\/sccl.se\/wp-content\/uploads\/2021\/10\/logonewb.png","width":210,"height":53,"caption":"Stockholm Center for Commercial Law"},"image":{"@id":"https:\/\/sccl.se\/en\/#\/schema\/logo\/image\/"}}]}},"_links":{"self":[{"href":"https:\/\/sccl.se\/en\/wp-json\/wp\/v2\/pages\/4317","targetHints":{"allow":["GET"]}}],"collection":[{"href":"https:\/\/sccl.se\/en\/wp-json\/wp\/v2\/pages"}],"about":[{"href":"https:\/\/sccl.se\/en\/wp-json\/wp\/v2\/types\/page"}],"author":[{"embeddable":true,"href":"https:\/\/sccl.se\/en\/wp-json\/wp\/v2\/users\/1"}],"replies":[{"embeddable":true,"href":"https:\/\/sccl.se\/en\/wp-json\/wp\/v2\/comments?post=4317"}],"version-history":[{"count":11,"href":"https:\/\/sccl.se\/en\/wp-json\/wp\/v2\/pages\/4317\/revisions"}],"predecessor-version":[{"id":4801,"href":"https:\/\/sccl.se\/en\/wp-json\/wp\/v2\/pages\/4317\/revisions\/4801"}],"wp:attachment":[{"href":"https:\/\/sccl.se\/en\/wp-json\/wp\/v2\/media?parent=4317"}],"curies":[{"name":"wp","href":"https:\/\/api.w.org\/{rel}","templated":true}]}}